{"id":10,"date":"2023-04-20T17:49:07","date_gmt":"2023-04-20T15:49:07","guid":{"rendered":"http:\/\/baleahotel.com\/?page_id=10"},"modified":"2023-11-03T09:25:42","modified_gmt":"2023-11-03T08:25:42","slug":"contact-acces","status":"publish","type":"page","link":"https:\/\/baleahotel.com\/en\/contact-acces\/","title":{"rendered":"Contact &#038; Access"},"content":{"rendered":"<h2>H\u00f4tel Gu\u00e9thary (Le Bal\u00e9a)<\/h2>\n<p>106 Rue Adrien Lahourcade,<br \/>\n64210 Gu\u00e9thary<br \/>\nGPS: 43.420902, -1.605274<\/p>\n<p><a class=\"bloc_phones\" href=\"tel:0559260839\">05 59 26 08 39<\/a><\/p>\n","protected":false},"excerpt":{"rendered":"<p>H\u00f4tel Gu\u00e9thary (Le Bal\u00e9a) 106 Rue Adrien Lahourcade, 64210 Gu\u00e9thary GPS: 43.420902, -1.605274 05 59 26 08 39<\/p>\n","protected":false},"author":1,"featured_media":0,"parent":0,"menu_order":0,"comment_status":"closed","ping_status":"closed","template":"","meta":{"footnotes":""},"class_list":["post-10","page","type-page","status-publish","hentry"],"yoast_head":"<!-- This site is optimized with the Yoast SEO plugin v27.4 - https:\/\/yoast.com\/product\/yoast-seo-wordpress\/ -->\n<title>Contact &amp; Access - Hotel Gu\u00e9tarhy - Hotel C\u00f4te basque - H\u00f4tel Gu\u00e9thary Le Bal\u00e9a<\/title>\n<meta name=\"description\" content=\"H\u00f4tel Gu\u00e9thary (Le Bal\u00e9a) 106 Rue Adrien Lahourcade, 64210 Gu\u00e9thary GPS: 43.420902, -1.605274  05 59 26 08 39\" \/>\n<meta name=\"robots\" content=\"index, follow, max-snippet:-1, max-image-preview:large, max-video-preview:-1\" \/>\n<link rel=\"canonical\" href=\"https:\/\/baleahotel.com\/en\/contact-acces\/\" \/>\n<meta property=\"og:locale\" content=\"en_US\" \/>\n<meta property=\"og:type\" content=\"article\" \/>\n<meta property=\"og:title\" content=\"Contact &amp; Access - Hotel Gu\u00e9tarhy - Hotel C\u00f4te basque - H\u00f4tel Gu\u00e9thary Le Bal\u00e9a\" \/>\n<meta property=\"og:description\" content=\"H\u00f4tel Gu\u00e9thary (Le Bal\u00e9a) 106 Rue Adrien Lahourcade, 64210 Gu\u00e9thary GPS: 43.420902, -1.605274  05 59 26 08 39\" \/>\n<meta property=\"og:url\" content=\"https:\/\/baleahotel.com\/contact-acces\/\" \/>\n<meta property=\"og:site_name\" content=\"Hotel Gu\u00e9tarhy - Hotel C\u00f4te basque - H\u00f4tel Gu\u00e9thary Le Bal\u00e9a\" \/>\n<meta property=\"article:modified_time\" content=\"2023-11-03T08:25:42+00:00\" \/>\n<meta property=\"og:image\" content=\"https:\/\/baleahotel.com\/wp-content\/uploads\/hotel-guethary-logo-footer.png\" \/>\n\t<meta property=\"og:image:width\" content=\"233\" \/>\n\t<meta property=\"og:image:height\" content=\"106\" \/>\n\t<meta property=\"og:image:type\" content=\"image\/png\" \/>\n<meta name=\"twitter:card\" content=\"summary_large_image\" \/>\n<meta name=\"twitter:label1\" content=\"Est. reading time\" \/>\n\t<meta name=\"twitter:data1\" content=\"1 minute\" \/>\n<script type=\"application\/ld+json\" class=\"yoast-schema-graph\">{\"@context\":\"https:\\\/\\\/schema.org\",\"@graph\":[{\"@type\":\"WebPage\",\"@id\":\"https:\\\/\\\/baleahotel.com\\\/contact-acces\\\/\",\"url\":\"https:\\\/\\\/baleahotel.com\\\/contact-acces\\\/\",\"name\":\"Contact & Access - Hotel Gu\u00e9tarhy - Hotel C\u00f4te basque - H\u00f4tel Gu\u00e9thary Le Bal\u00e9a\",\"isPartOf\":{\"@id\":\"https:\\\/\\\/baleahotel.com\\\/#website\"},\"datePublished\":\"2023-04-20T15:49:07+00:00\",\"dateModified\":\"2023-11-03T08:25:42+00:00\",\"description\":\"H\u00f4tel Gu\u00e9thary (Le Bal\u00e9a) 106 Rue Adrien Lahourcade, 64210 Gu\u00e9thary GPS: 43.420902, -1.605274 05 59 26 08 39\",\"inLanguage\":\"en-US\",\"potentialAction\":[{\"@type\":\"ReadAction\",\"target\":[\"https:\\\/\\\/baleahotel.com\\\/contact-acces\\\/\"]}]},{\"@type\":\"WebSite\",\"@id\":\"https:\\\/\\\/baleahotel.com\\\/#website\",\"url\":\"https:\\\/\\\/baleahotel.com\\\/\",\"name\":\"Hotel Gu\u00e9tarhy - Hotel C\u00f4te basque - H\u00f4tel Gu\u00e9thary Le Bal\u00e9a\",\"description\":\"Hotel Gu\u00e9tarhy - Hotel C\u00f4te basque - H\u00f4tel Gu\u00e9thary Le Bal\u00e9a\",\"publisher\":{\"@id\":\"https:\\\/\\\/baleahotel.com\\\/#organization\"},\"potentialAction\":[{\"@type\":\"SearchAction\",\"target\":{\"@type\":\"EntryPoint\",\"urlTemplate\":\"https:\\\/\\\/baleahotel.com\\\/?s={search_term_string}\"},\"query-input\":{\"@type\":\"PropertyValueSpecification\",\"valueRequired\":true,\"valueName\":\"search_term_string\"}}],\"inLanguage\":\"en-US\"},{\"@type\":\"Organization\",\"@id\":\"https:\\\/\\\/baleahotel.com\\\/#organization\",\"name\":\"Hotel Gu\u00e9tarhy - Hotel C\u00f4te basque - H\u00f4tel Gu\u00e9thary Le Bal\u00e9a\",\"url\":\"https:\\\/\\\/baleahotel.com\\\/\",\"logo\":{\"@type\":\"ImageObject\",\"inLanguage\":\"en-US\",\"@id\":\"https:\\\/\\\/baleahotel.com\\\/#\\\/schema\\\/logo\\\/image\\\/\",\"url\":\"https:\\\/\\\/baleahotel.com\\\/wp-content\\\/uploads\\\/hotel-guethary-logo-footer.png\",\"contentUrl\":\"https:\\\/\\\/baleahotel.com\\\/wp-content\\\/uploads\\\/hotel-guethary-logo-footer.png\",\"width\":233,\"height\":106,\"caption\":\"Hotel Gu\u00e9tarhy - Hotel C\u00f4te basque - H\u00f4tel Gu\u00e9thary Le Bal\u00e9a\"},\"image\":{\"@id\":\"https:\\\/\\\/baleahotel.com\\\/#\\\/schema\\\/logo\\\/image\\\/\"}}]}<\/script>\n<!-- \/ Yoast SEO plugin. -->","yoast_head_json":{"title":"Contact & Access - Hotel Gu\u00e9tarhy - Hotel C\u00f4te basque - H\u00f4tel Gu\u00e9thary Le Bal\u00e9a","description":"H\u00f4tel Gu\u00e9thary (Le Bal\u00e9a) 106 Rue Adrien Lahourcade, 64210 Gu\u00e9thary GPS: 43.420902, -1.605274  05 59 26 08 39","robots":{"index":"index","follow":"follow","max-snippet":"max-snippet:-1","max-image-preview":"max-image-preview:large","max-video-preview":"max-video-preview:-1"},"canonical":"https:\/\/baleahotel.com\/en\/contact-acces\/","og_locale":"en_US","og_type":"article","og_title":"Contact & Access - Hotel Gu\u00e9tarhy - Hotel C\u00f4te basque - H\u00f4tel Gu\u00e9thary Le Bal\u00e9a","og_description":"H\u00f4tel Gu\u00e9thary (Le Bal\u00e9a) 106 Rue Adrien Lahourcade, 64210 Gu\u00e9thary GPS: 43.420902, -1.605274  05 59 26 08 39","og_url":"https:\/\/baleahotel.com\/contact-acces\/","og_site_name":"Hotel Gu\u00e9tarhy - Hotel C\u00f4te basque - H\u00f4tel Gu\u00e9thary Le Bal\u00e9a","article_modified_time":"2023-11-03T08:25:42+00:00","og_image":[{"width":233,"height":106,"url":"https:\/\/baleahotel.com\/wp-content\/uploads\/hotel-guethary-logo-footer.png","type":"image\/png"}],"twitter_card":"summary_large_image","twitter_misc":{"Est. reading time":"1 minute"},"schema":{"@context":"https:\/\/schema.org","@graph":[{"@type":"WebPage","@id":"https:\/\/baleahotel.com\/contact-acces\/","url":"https:\/\/baleahotel.com\/contact-acces\/","name":"Contact & Access - Hotel Gu\u00e9tarhy - Hotel C\u00f4te basque - H\u00f4tel Gu\u00e9thary Le Bal\u00e9a","isPartOf":{"@id":"https:\/\/baleahotel.com\/#website"},"datePublished":"2023-04-20T15:49:07+00:00","dateModified":"2023-11-03T08:25:42+00:00","description":"H\u00f4tel Gu\u00e9thary (Le Bal\u00e9a) 106 Rue Adrien Lahourcade, 64210 Gu\u00e9thary GPS: 43.420902, -1.605274 05 59 26 08 39","inLanguage":"en-US","potentialAction":[{"@type":"ReadAction","target":["https:\/\/baleahotel.com\/contact-acces\/"]}]},{"@type":"WebSite","@id":"https:\/\/baleahotel.com\/#website","url":"https:\/\/baleahotel.com\/","name":"Hotel Gu\u00e9tarhy - Hotel C\u00f4te basque - H\u00f4tel Gu\u00e9thary Le Bal\u00e9a","description":"Hotel Gu\u00e9tarhy - Hotel C\u00f4te basque - H\u00f4tel Gu\u00e9thary Le Bal\u00e9a","publisher":{"@id":"https:\/\/baleahotel.com\/#organization"},"potentialAction":[{"@type":"SearchAction","target":{"@type":"EntryPoint","urlTemplate":"https:\/\/baleahotel.com\/?s={search_term_string}"},"query-input":{"@type":"PropertyValueSpecification","valueRequired":true,"valueName":"search_term_string"}}],"inLanguage":"en-US"},{"@type":"Organization","@id":"https:\/\/baleahotel.com\/#organization","name":"Hotel Gu\u00e9tarhy - Hotel C\u00f4te basque - H\u00f4tel Gu\u00e9thary Le Bal\u00e9a","url":"https:\/\/baleahotel.com\/","logo":{"@type":"ImageObject","inLanguage":"en-US","@id":"https:\/\/baleahotel.com\/#\/schema\/logo\/image\/","url":"https:\/\/baleahotel.com\/wp-content\/uploads\/hotel-guethary-logo-footer.png","contentUrl":"https:\/\/baleahotel.com\/wp-content\/uploads\/hotel-guethary-logo-footer.png","width":233,"height":106,"caption":"Hotel Gu\u00e9tarhy - Hotel C\u00f4te basque - H\u00f4tel Gu\u00e9thary Le Bal\u00e9a"},"image":{"@id":"https:\/\/baleahotel.com\/#\/schema\/logo\/image\/"}}]}},"_links":{"self":[{"href":"https:\/\/baleahotel.com\/en\/wp-json\/wp\/v2\/pages\/10","targetHints":{"allow":["GET"]}}],"collection":[{"href":"https:\/\/baleahotel.com\/en\/wp-json\/wp\/v2\/pages"}],"about":[{"href":"https:\/\/baleahotel.com\/en\/wp-json\/wp\/v2\/types\/page"}],"author":[{"embeddable":true,"href":"https:\/\/baleahotel.com\/en\/wp-json\/wp\/v2\/users\/1"}],"replies":[{"embeddable":true,"href":"https:\/\/baleahotel.com\/en\/wp-json\/wp\/v2\/comments?post=10"}],"version-history":[{"count":6,"href":"https:\/\/baleahotel.com\/en\/wp-json\/wp\/v2\/pages\/10\/revisions"}],"predecessor-version":[{"id":406,"href":"https:\/\/baleahotel.com\/en\/wp-json\/wp\/v2\/pages\/10\/revisions\/406"}],"wp:attachment":[{"href":"https:\/\/baleahotel.com\/en\/wp-json\/wp\/v2\/media?parent=10"}],"curies":[{"name":"wp","href":"https:\/\/api.w.org\/{rel}","templated":true}]}}